{"id":100,"date":"2020-03-23T09:31:44","date_gmt":"2020-03-23T08:31:44","guid":{"rendered":"http:\/\/brsv-vogtland.de\/?page_id=100"},"modified":"2020-05-02T17:04:55","modified_gmt":"2020-05-02T15:04:55","slug":"verein","status":"publish","type":"page","link":"https:\/\/brsv-vogtland.de\/?page_id=100","title":{"rendered":"Verein"},"content":{"rendered":"\n<p class=\"has-drop-cap\"><strong>Unser\nVerein stellt sich vor<\/strong><\/p>\n\n\n\n<p><strong>Gr\u00fcndungsgeschichte<\/strong><\/p>\n\n\n\n<p>Im&nbsp;\nM\u00e4rz 1979 wurde innerhalb der BSG Medizin Plauen die Sektion Versehrtensport\ngegr\u00fcndet, Ihre ersten Leiter waren Heinz K\u00fchnlenz und Egon Heinrich.<br>\n1985\n\u00fcbernahm unser heutiger Ehrenvorsitzender Gotthold Sch\u00f6nfu\u00df die F\u00fchrung der\nSektion.<\/p>\n\n\n\n<p>Thomas\nWei\u00df begann Anfang der 80er Jahre mit dem Aufbau einer Sitzballmannschaft, die\nschon 1985 in der 2. DDR-Liga spielte. 1984 wurde das Schwimmen f\u00fcr behinderte\nMenschen ins Leben gerufen. Daraus entstand 1986 die Sportgruppe \u201c\nBehindertenschwimmen\u201c,&nbsp; die heute unsere zahlenm\u00e4\u00dfig St\u00e4rkste ist.<\/p>\n\n\n\n<p>Seit\n1985 gibt es die Gymnastikgruppe f\u00fcr geistig behinderte Menschen.<\/p>\n\n\n\n<p>Im\nAugust 1990 wurde es bedingt durch die Wende 1989 notwendig, einen eigenen\nVerein zu gr\u00fcnden.<\/p>\n\n\n\n<p>So\nentstand der&nbsp; VSV \u201cMedizin\u201c Plauen e.V.&nbsp; mit seinen damals 3\nSportgruppen.<br>\nDie\nfolgenden Jahre f\u00fchrten zu einem rasanten Anstieg der Mitgliederzahlen und zu\nmehr qualitativ hochwertigen Sportangeboten.<br>\nNeue\nSportgruppen, wie Herzsport, Koronarnachfolgegruppe, Federball sowie Fu\u00dfball ,\nKegeln, Leichtathletik&nbsp; f\u00fcr geistig behinderte Menschen kamen dazu.<\/p>\n\n\n\n<p>Vor\nallem der starke Anstieg der Mitglieder mit geistiger Behinderung ist ein\nErgebnis der kooperativen Zusammenarbeit zwischen Verein und der im Mai 1990\ngegr\u00fcndeten Lebenshilfe Plauen e.V. mit ihrem sportbegeisterten Gesch\u00e4ftsf\u00fchrer\nHerrn Dr. Dietrich Kazmierczak an der Spitze.<br>\nDiese\nKooperation zum gegenseitigem Vorteil wurde weiter erfolgreich entwickelt.<br>\nWas\nmit gemeinsamen \u201eSport treiben\u201c begann, war der Beginn des Weges \u00fcber den\nIntegrationsgedanken hin zur gelebten Inklussion heute.<\/p>\n\n\n\n<p>Gegenw\u00e4rtig\n\u00fcben und trainieren fast 400 Vereinsmitglieder und zunehmend immer mehr\nMenschen mit \u00e4rztlichen Verordnungen als Rehabilitanten in unseren 8\nSportgruppen und werden von unseren gut ausgebildeten 17 Fach\u00fcbungsleitern\nbestens betreut. Im Zentrum unserer Arbeit steht nach wie vor der Breiten- und\nRehasport.<\/p>\n\n\n\n<p>Wir\nk\u00f6nnen aber auch gro\u00dfe Erfolge im Leistungssport verzeichnen.<br>\nUnsere\nSitzballer wurden in der Spielgemeinschaft mit Leipzig in den letzten Jahren\nmehrfach Deutscher Meister.<br>\nDie\nLeichtathleten , Fu\u00dfballer, Schwimmer und Kegler aus der Gruppe der geistig\nbehinderten Menschen bestimmen seit Jahren das Niveau in Sachsen mit.<br>\nZahlreiche\nhervorragende Ergebnisse bei Landesmeisterschaften, Pokalturnieren und bei den\nVogtlandspielen belegen das eindrucksvoll.<\/p>\n\n\n\n<p>Aufgrund\ndes hohen Ausbildungsstandes unserer \u00dcbungsleiter r\u00fcckte in den letzten Jahren\nder Reha-Sport in den Vordergrund.<br>\nBed\u00fcrftige\nMenschen aus dem gesamten Vogtlandkreis nutzen zunehmend unsere Angebote.<\/p>\n\n\n\n<p>Um\ndiesem gestiegenen Anspruchsniveau auch sichtbar f\u00fcr alle gerecht zu werden,\nwar es 2015 notwendig, einen neuen Namen zu finden.<br>\nSeit\n2015 f\u00fchren wir deshalb den Namen:<\/p>\n\n\n\n<p><strong>Behinderten-\nund Rehabilitationssportverein \u201eMedizin\u201c Vogtland e.V.<\/strong><\/p>\n\n\n\n<figure class=\"wp-block-image size-large\"><img decoding=\"async\" src=\"http:\/\/brsv-vogtland.de\/wp-content\/uploads\/2020\/03\/Download.png\" alt=\"\" class=\"wp-image-87\"\/><\/figure>\n\n\n\n<p>Autor: Horst Schaarschmidt,   Vorstand<\/p>\n","protected":false},"excerpt":{"rendered":"<p>Unser Verein stellt sich vor Gr\u00fcndungsgeschichte Im&nbsp; M\u00e4rz 1979 wurde innerhalb der BSG Medizin Plauen die Sektion Versehrtensport gegr\u00fcndet, Ihre ersten Leiter waren Heinz K\u00fchnlenz und Egon Heinrich. 1985 \u00fcbernahm unser heutiger Ehrenvorsitzender Gotthold Sch\u00f6nfu\u00df die F\u00fchrung der Sektion. Thomas Wei\u00df begann Anfang der 80er Jahre mit dem Aufbau einer Sitzballmannschaft, die schon 1985 in &hellip; <a href=\"https:\/\/brsv-vogtland.de\/?page_id=100\" class=\"more-link\"><span class=\"screen-reader-text\">\u201eVerein\u201c<\/span> weiterlesen<\/a><\/p>\n","protected":false},"author":1,"featured_media":0,"parent":0,"menu_order":0,"comment_status":"closed","ping_status":"closed","template":"","meta":{"_uag_custom_page_level_css":"","footnotes":""},"class_list":["post-100","page","type-page","status-publish","hentry"],"uagb_featured_image_src":{"full":false,"thumbnail":false,"medium":false,"medium_large":false,"large":false,"1536x1536":false,"2048x2048":false,"post-thumbnail":false},"uagb_author_info":{"display_name":"schaarschmidt","author_link":"https:\/\/brsv-vogtland.de\/?author=1"},"uagb_comment_info":0,"uagb_excerpt":"Unser Verein stellt sich vor Gr\u00fcndungsgeschichte Im&nbsp; M\u00e4rz 1979 wurde innerhalb der BSG Medizin Plauen die Sektion Versehrtensport gegr\u00fcndet, Ihre ersten Leiter waren Heinz K\u00fchnlenz und Egon Heinrich. 1985 \u00fcbernahm unser heutiger Ehrenvorsitzender Gotthold Sch\u00f6nfu\u00df die F\u00fchrung der Sektion. Thomas Wei\u00df begann Anfang der 80er Jahre mit dem Aufbau einer Sitzballmannschaft, die schon 1985 in&hellip;","_links":{"self":[{"href":"https:\/\/brsv-vogtland.de\/index.php?rest_route=\/wp\/v2\/pages\/100","targetHints":{"allow":["GET"]}}],"collection":[{"href":"https:\/\/brsv-vogtland.de\/index.php?rest_route=\/wp\/v2\/pages"}],"about":[{"href":"https:\/\/brsv-vogtland.de\/index.php?rest_route=\/wp\/v2\/types\/page"}],"author":[{"embeddable":true,"href":"https:\/\/brsv-vogtland.de\/index.php?rest_route=\/wp\/v2\/users\/1"}],"replies":[{"embeddable":true,"href":"https:\/\/brsv-vogtland.de\/index.php?rest_route=%2Fwp%2Fv2%2Fcomments&post=100"}],"version-history":[{"count":5,"href":"https:\/\/brsv-vogtland.de\/index.php?rest_route=\/wp\/v2\/pages\/100\/revisions"}],"predecessor-version":[{"id":1193,"href":"https:\/\/brsv-vogtland.de\/index.php?rest_route=\/wp\/v2\/pages\/100\/revisions\/1193"}],"wp:attachment":[{"href":"https:\/\/brsv-vogtland.de\/index.php?rest_route=%2Fwp%2Fv2%2Fmedia&parent=100"}],"curies":[{"name":"wp","href":"https:\/\/api.w.org\/{rel}","templated":true}]}}